{"id":444,"date":"2024-06-12T12:37:32","date_gmt":"2024-06-12T10:37:32","guid":{"rendered":"https:\/\/plagedesdauphins.fr\/plage\/?page_id=444"},"modified":"2024-06-12T14:08:47","modified_gmt":"2024-06-12T12:08:47","slug":"a-propos","status":"publish","type":"page","link":"https:\/\/plagedesdauphins.fr\/plage\/a-propos\/","title":{"rendered":"A Propos"},"content":{"rendered":"\t\t<div data-elementor-type=\"wp-page\" data-elementor-id=\"444\" class=\"elementor elementor-444\" data-elementor-settings=\"{&quot;ha_cmc_init_switcher&quot;:&quot;no&quot;}\">\n\t\t\t\t<div class=\"elementor-element elementor-element-57509db e-flex e-con-boxed e-con e-parent\" data-id=\"57509db\" data-element_type=\"container\" data-e-type=\"container\" data-settings=\"{&quot;background_background&quot;:&quot;slideshow&quot;,&quot;background_slideshow_gallery&quot;:[{&quot;id&quot;:146,&quot;url&quot;:&quot;https:\\\/\\\/plagedesdauphins.fr\\\/plage\\\/wp-content\\\/uploads\\\/2024\\\/06\\\/entete_Fotor-1.jpg&quot;}],&quot;shape_divider_bottom&quot;:&quot;mountains&quot;,&quot;background_slideshow_loop&quot;:&quot;yes&quot;,&quot;background_slideshow_slide_duration&quot;:5000,&quot;background_slideshow_slide_transition&quot;:&quot;fade&quot;,&quot;background_slideshow_transition_duration&quot;:500,&quot;_ha_eqh_enable&quot;:false}\">\n\t\t\t\t\t<div class=\"e-con-inner\">\n\t\t\t\t<div class=\"elementor-shape elementor-shape-bottom\" aria-hidden=\"true\" data-negative=\"false\">\n\t\t\t<svg xmlns=\"http:\/\/www.w3.org\/2000\/svg\" viewBox=\"0 0 1000 100\" preserveAspectRatio=\"none\">\n\t<path class=\"elementor-shape-fill\" opacity=\"0.33\" d=\"M473,67.3c-203.9,88.3-263.1-34-320.3,0C66,119.1,0,59.7,0,59.7V0h1000v59.7 c0,0-62.1,26.1-94.9,29.3c-32.8,3.3-62.8-12.3-75.8-22.1C806,49.6,745.3,8.7,694.9,4.7S492.4,59,473,67.3z\"\/>\n\t<path class=\"elementor-shape-fill\" opacity=\"0.66\" d=\"M734,67.3c-45.5,0-77.2-23.2-129.1-39.1c-28.6-8.7-150.3-10.1-254,39.1 s-91.7-34.4-149.2,0C115.7,118.3,0,39.8,0,39.8V0h1000v36.5c0,0-28.2-18.5-92.1-18.5C810.2,18.1,775.7,67.3,734,67.3z\"\/>\n\t<path class=\"elementor-shape-fill\" d=\"M766.1,28.9c-200-57.5-266,65.5-395.1,19.5C242,1.8,242,5.4,184.8,20.6C128,35.8,132.3,44.9,89.9,52.5C28.6,63.7,0,0,0,0 h1000c0,0-9.9,40.9-83.6,48.1S829.6,47,766.1,28.9z\"\/>\n<\/svg>\t\t<\/div>\n\t\t\t\t<div class=\"elementor-element elementor-element-cb678d2 elementor-widget elementor-widget-heading\" data-id=\"cb678d2\" data-element_type=\"widget\" data-e-type=\"widget\" data-widget_type=\"heading.default\">\n\t\t\t\t<div class=\"elementor-widget-container\">\n\t\t\t\t\t<h1 class=\"elementor-heading-title elementor-size-default\">La Plage des Dauphins<\/h1>\t\t\t\t<\/div>\n\t\t\t\t<\/div>\n\t\t\t\t<div class=\"elementor-element elementor-element-d110d89 elementor-widget elementor-widget-heading\" data-id=\"d110d89\" data-element_type=\"widget\" data-e-type=\"widget\" data-widget_type=\"heading.default\">\n\t\t\t\t<div class=\"elementor-widget-container\">\n\t\t\t\t\t<h3 class=\"elementor-heading-title elementor-size-default\">Notre histoire<\/h3>\t\t\t\t<\/div>\n\t\t\t\t<\/div>\n\t\t\t\t\t<\/div>\n\t\t\t\t<\/div>\n\t\t<div class=\"elementor-element elementor-element-56e2c19 e-flex e-con-boxed e-con e-parent\" data-id=\"56e2c19\" data-element_type=\"container\" data-e-type=\"container\" data-settings=\"{&quot;_ha_eqh_enable&quot;:false}\">\n\t\t\t\t\t<div class=\"e-con-inner\">\n\t\t\t\t<div class=\"elementor-element elementor-element-a446268 ha-has-bg-overlay elementor-widget elementor-widget-heading\" data-id=\"a446268\" data-element_type=\"widget\" data-e-type=\"widget\" data-widget_type=\"heading.default\">\n\t\t\t\t<div class=\"elementor-widget-container\">\n\t\t\t\t\t<h2 class=\"elementor-heading-title elementor-size-default\">Il \u00e9tait une fois, \nLa Plage des Dauphins\u2026\n<\/h2>\t\t\t\t<\/div>\n\t\t\t\t<\/div>\n\t\t\t\t\t<\/div>\n\t\t\t\t<\/div>\n\t\t<div class=\"elementor-element elementor-element-cf4a6b7 e-flex e-con-boxed e-con e-parent\" data-id=\"cf4a6b7\" data-element_type=\"container\" data-e-type=\"container\" data-settings=\"{&quot;_ha_eqh_enable&quot;:false}\">\n\t\t\t\t\t<div class=\"e-con-inner\">\n\t\t\t\t<div class=\"elementor-element elementor-element-9d6897c elementor-widget elementor-widget-text-editor\" data-id=\"9d6897c\" data-element_type=\"widget\" data-e-type=\"widget\" data-widget_type=\"text-editor.default\">\n\t\t\t\t<div class=\"elementor-widget-container\">\n\t\t\t\t\t\t\t\t\t<p style=\"text-align: center;\">Un lieu de vie, une atmosph\u00e8re, un sentiment de s\u00e9r\u00e9nit\u00e9, un air de vacances, une bulle de plaisir et une vue incroyable entre lac et montagnes\u2026<\/p><p style=\"text-align: center;\">Un lieu charg\u00e9 d\u2019histoire o\u00f9 il y fait bon vivre, d\u00e9jeuner, se pr\u00e9lasser et y travailler.<\/p><p style=\"text-align: center;\">La Plage s&rsquo;appelle ainsi, car, jusqu&rsquo;aux ann\u00e9es 80, elle \u00e9tait le si\u00e8ge de l&rsquo;\u00e9cole de natation.<\/p><p style=\"text-align: center;\">En effet, le premier dipl\u00f4me de natation, \u00e0 l&rsquo;\u00e9poque \u00e9tait le \u00ab\u00a0Dauphin\u00a0\u00bb (tout comme le Flocon pour le ski).<\/p><p style=\"text-align: center;\">Clin d&rsquo;oeil aussi bien s\u00fbr au Dauphin\u00e9 et \u00e0 son administrateur, le dauphin, fils du roi Charles VII.<\/p>\t\t\t\t\t\t\t\t<\/div>\n\t\t\t\t<\/div>\n\t\t\t\t\t<\/div>\n\t\t\t\t<\/div>\n\t\t<div class=\"elementor-element elementor-element-61c796c e-flex e-con-boxed e-con e-parent\" data-id=\"61c796c\" data-element_type=\"container\" data-e-type=\"container\" data-settings=\"{&quot;_ha_eqh_enable&quot;:false}\">\n\t\t\t\t\t<div class=\"e-con-inner\">\n\t\t<div class=\"elementor-element elementor-element-36e7ccd e-con-full e-flex e-con e-child\" data-id=\"36e7ccd\" data-element_type=\"container\" data-e-type=\"container\" data-settings=\"{&quot;_ha_eqh_enable&quot;:false}\">\n\t\t\t\t<div class=\"elementor-element elementor-element-4706d11 elementor-widget elementor-widget-text-editor\" data-id=\"4706d11\" data-element_type=\"widget\" data-e-type=\"widget\" data-widget_type=\"text-editor.default\">\n\t\t\t\t<div class=\"elementor-widget-container\">\n\t\t\t\t\t\t\t\t\t<p><strong>1931\u00ad\/1932<\/strong> Marque l\u2019ann\u00e9e de la construction de la partie chalet, avec sa grande terrasse couverte d\u2019un store, par Mr Joann\u00e8s Chaize, qui l\u2019exploitera jusqu\u2019en 1934, ann\u00e9e de son d\u00e9c\u00e8s.<\/p><p>En <strong>1934<\/strong>, la plage est vendue \u00e0 Mr Meunier Beillard, qui poss\u00e9dait une taillanderie et \u00e9tait Pr\u00e9sident de la St\u00e9 Coop\u00e9rative du Guillermet.<\/p><p><strong>1938<\/strong> Construction de la partie salle du restaurant ainsi que d\u2019un balcon sur la terrasse existante, Cette construction en\u00a0 bois \u00e0 \u00e9t\u00e9 r\u00e9alis\u00e9e par l\u2019entreprise Fugier, charpentiers \u00e0 Charavines.<\/p><p>G\u00e9rance de Mr Bonnet (1939\/1941).<\/p><p><strong>1941\/1943<\/strong> Les ann\u00e9es de \u00ab\u00a0guerre\u00a0\u00bb n\u2019\u00e9tant pas propices aux affaires ni aux loisirs, la plage est ferm\u00e9e et les caves de la plage, servent de cache pour les armes et les r\u00e9sistants.<\/p><p>C\u2019est en <strong>1943<\/strong> que la plage est reprise en G\u00e9rance par la famille Jacquin, d\u2019abord Emile et son \u00e9pouse jusqu\u2019en 1954, puis, leur fils Lucien et son \u00e9pouse Marie Th\u00e9r\u00e8se de 1954 \u00e0 1987.<\/p><p><strong>1958\/1961<\/strong> Installation de l\u2019\u00e9cole de voile aux Dauphins.<\/p><p><strong>1987<\/strong> Mme &amp; Mr Jacquin (fils), prenant leur retraite, vendent leur affaire \u00e0 Mr Yves Corino, fils de Mme &amp; Mr Henri Corino qui tiennent l\u2019Hostellerie du Lac Bleu depuis 1947.<\/p><p>La Plage des Dauphins sera exploit\u00e9e jusqu\u2019aux ann\u00e9es 2000 en plage, bar et snack, et suite \u00e0 7 mois de travaux acharn\u00e9s les \u00e9poux Yves et Christelle transforment le b\u00e2timent en restaurant, qu\u2019ils tiennent jusqu\u2019en 2010.<\/p><p><strong>2010<\/strong> Arnaud et Aliz\u00e9e, leurs enfants reprennent l\u2019activit\u00e9.<\/p><p><strong>2018 <\/strong>Aliz\u00e9e et son compagnon, reprennent le Lac Bleu.<\/p><p>Arnaud et son \u00e9pouse, Ana\u00efs, continuent l\u2019aventure de la Plage des Dauphins\u2026<\/p>\t\t\t\t\t\t\t\t<\/div>\n\t\t\t\t<\/div>\n\t\t\t\t<div class=\"elementor-element elementor-element-36b5451 elementor-widget elementor-widget-image\" data-id=\"36b5451\" data-element_type=\"widget\" data-e-type=\"widget\" data-widget_type=\"image.default\">\n\t\t\t\t<div class=\"elementor-widget-container\">\n\t\t\t\t\t\t\t\t\t\t\t\t\t\t\t<img fetchpriority=\"high\" decoding=\"async\" width=\"768\" height=\"590\" src=\"https:\/\/plagedesdauphins.fr\/plage\/wp-content\/uploads\/2024\/06\/histoire5-768x590.jpg\" class=\"attachment-medium_large size-medium_large wp-image-460\" alt=\"\" srcset=\"https:\/\/plagedesdauphins.fr\/plage\/wp-content\/uploads\/2024\/06\/histoire5-768x590.jpg 768w, https:\/\/plagedesdauphins.fr\/plage\/wp-content\/uploads\/2024\/06\/histoire5-300x230.jpg 300w, https:\/\/plagedesdauphins.fr\/plage\/wp-content\/uploads\/2024\/06\/histoire5-1024x786.jpg 1024w, https:\/\/plagedesdauphins.fr\/plage\/wp-content\/uploads\/2024\/06\/histoire5-1536x1179.jpg 1536w, https:\/\/plagedesdauphins.fr\/plage\/wp-content\/uploads\/2024\/06\/histoire5.jpg 1921w\" sizes=\"(max-width: 768px) 100vw, 768px\" \/>\t\t\t\t\t\t\t\t\t\t\t\t\t\t\t<\/div>\n\t\t\t\t<\/div>\n\t\t\t\t<div class=\"elementor-element elementor-element-5775e7a elementor-widget elementor-widget-text-editor\" data-id=\"5775e7a\" data-element_type=\"widget\" data-e-type=\"widget\" data-widget_type=\"text-editor.default\">\n\t\t\t\t<div class=\"elementor-widget-container\">\n\t\t\t\t\t\t\t\t\t<h1 style=\"text-align: center;\"><span style=\"color: #000000;\"><em><strong>La Plage des Dauphins\u2026<\/strong><\/em><\/span><\/h1><p style=\"text-align: center;\"><em><strong>Un lieu charg\u00e9 d\u2019histoire o\u00f9 il y fait bon vivre et travailler\u00a0!<\/strong><\/em><\/p><p style=\"text-align: center;\"><strong>\u00a0<\/strong>R\u00e9alis\u00e9 par Fredo, responsable de salle 2019\/2024,<\/p><p style=\"text-align: center;\">Aid\u00e9 des souvenirs de Yves Corino.<\/p>\t\t\t\t\t\t\t\t<\/div>\n\t\t\t\t<\/div>\n\t\t\t\t<\/div>\n\t\t<div class=\"elementor-element elementor-element-20a25ee e-con-full e-flex e-con e-child\" data-id=\"20a25ee\" data-element_type=\"container\" data-e-type=\"container\" data-settings=\"{&quot;_ha_eqh_enable&quot;:false}\">\n\t\t\t\t<div class=\"elementor-element elementor-element-5fc0ad7 elementor-widget elementor-widget-image\" data-id=\"5fc0ad7\" data-element_type=\"widget\" data-e-type=\"widget\" data-widget_type=\"image.default\">\n\t\t\t\t<div class=\"elementor-widget-container\">\n\t\t\t\t\t\t\t\t\t\t\t\t<figure class=\"wp-caption\">\n\t\t\t\t\t\t\t\t\t\t<img decoding=\"async\" width=\"285\" height=\"182\" src=\"https:\/\/plagedesdauphins.fr\/plage\/wp-content\/uploads\/2024\/06\/histoire1-1.jpg\" class=\"attachment-large size-large wp-image-456\" alt=\"\" \/>\t\t\t\t\t\t\t\t\t\t\t<figcaption class=\"widget-image-caption wp-caption-text\">Le Chalet<\/figcaption>\n\t\t\t\t\t\t\t\t\t\t<\/figure>\n\t\t\t\t\t\t\t\t\t<\/div>\n\t\t\t\t<\/div>\n\t\t\t\t<div class=\"elementor-element elementor-element-e2036b5 elementor-widget elementor-widget-image\" data-id=\"e2036b5\" data-element_type=\"widget\" data-e-type=\"widget\" data-widget_type=\"image.default\">\n\t\t\t\t<div class=\"elementor-widget-container\">\n\t\t\t\t\t\t\t\t\t\t\t\t<figure class=\"wp-caption\">\n\t\t\t\t\t\t\t\t\t\t<img decoding=\"async\" width=\"281\" height=\"177\" src=\"https:\/\/plagedesdauphins.fr\/plage\/wp-content\/uploads\/2024\/06\/histoire2-1.jpg\" class=\"attachment-medium size-medium wp-image-457\" alt=\"\" \/>\t\t\t\t\t\t\t\t\t\t\t<figcaption class=\"widget-image-caption wp-caption-text\">Construction salle de restaurant et balcon<\/figcaption>\n\t\t\t\t\t\t\t\t\t\t<\/figure>\n\t\t\t\t\t\t\t\t\t<\/div>\n\t\t\t\t<\/div>\n\t\t\t\t<div class=\"elementor-element elementor-element-2821d73 elementor-widget elementor-widget-image\" data-id=\"2821d73\" data-element_type=\"widget\" data-e-type=\"widget\" data-widget_type=\"image.default\">\n\t\t\t\t<div class=\"elementor-widget-container\">\n\t\t\t\t\t\t\t\t\t\t\t\t\t\t\t<img loading=\"lazy\" decoding=\"async\" width=\"300\" height=\"191\" src=\"https:\/\/plagedesdauphins.fr\/plage\/wp-content\/uploads\/2024\/06\/histoire3-300x191.jpg\" class=\"attachment-medium size-medium wp-image-458\" alt=\"\" srcset=\"https:\/\/plagedesdauphins.fr\/plage\/wp-content\/uploads\/2024\/06\/histoire3-300x191.jpg 300w, https:\/\/plagedesdauphins.fr\/plage\/wp-content\/uploads\/2024\/06\/histoire3-1024x652.jpg 1024w, https:\/\/plagedesdauphins.fr\/plage\/wp-content\/uploads\/2024\/06\/histoire3-768x489.jpg 768w, https:\/\/plagedesdauphins.fr\/plage\/wp-content\/uploads\/2024\/06\/histoire3-1536x978.jpg 1536w, https:\/\/plagedesdauphins.fr\/plage\/wp-content\/uploads\/2024\/06\/histoire3.jpg 1641w\" sizes=\"(max-width: 300px) 100vw, 300px\" \/>\t\t\t\t\t\t\t\t\t\t\t\t\t\t\t<\/div>\n\t\t\t\t<\/div>\n\t\t\t\t<div class=\"elementor-element elementor-element-1a8e72a elementor-widget elementor-widget-image\" data-id=\"1a8e72a\" data-element_type=\"widget\" data-e-type=\"widget\" data-widget_type=\"image.default\">\n\t\t\t\t<div class=\"elementor-widget-container\">\n\t\t\t\t\t\t\t\t\t\t\t\t\t\t\t<img loading=\"lazy\" decoding=\"async\" width=\"300\" height=\"201\" src=\"https:\/\/plagedesdauphins.fr\/plage\/wp-content\/uploads\/2024\/06\/histoire4-300x201.jpg\" class=\"attachment-medium size-medium wp-image-459\" alt=\"\" srcset=\"https:\/\/plagedesdauphins.fr\/plage\/wp-content\/uploads\/2024\/06\/histoire4-300x201.jpg 300w, https:\/\/plagedesdauphins.fr\/plage\/wp-content\/uploads\/2024\/06\/histoire4-1024x685.jpg 1024w, https:\/\/plagedesdauphins.fr\/plage\/wp-content\/uploads\/2024\/06\/histoire4-768x514.jpg 768w, https:\/\/plagedesdauphins.fr\/plage\/wp-content\/uploads\/2024\/06\/histoire4-1536x1028.jpg 1536w, https:\/\/plagedesdauphins.fr\/plage\/wp-content\/uploads\/2024\/06\/histoire4.jpg 1599w\" sizes=\"(max-width: 300px) 100vw, 300px\" \/>\t\t\t\t\t\t\t\t\t\t\t\t\t\t\t<\/div>\n\t\t\t\t<\/div>\n\t\t\t\t<\/div>\n\t\t\t\t\t<\/div>\n\t\t\t\t<\/div>\n\t\t\t\t<\/div>\n\t\t","protected":false},"excerpt":{"rendered":"<p>La Plage des Dauphins Notre histoire Il \u00e9tait une fois, La Plage des Dauphins\u2026 Un lieu de vie, une atmosph\u00e8re, un sentiment de s\u00e9r\u00e9nit\u00e9, un air de vacances, une bulle de plaisir et une vue incroyable entre lac et montagnes\u2026 Un lieu charg\u00e9 d\u2019histoire o\u00f9 il y fait bon vivre, d\u00e9jeuner, se pr\u00e9lasser et y&#8230;<\/p>\n","protected":false},"author":1,"featured_media":0,"parent":0,"menu_order":0,"comment_status":"closed","ping_status":"closed","template":"","meta":{"_kadence_starter_templates_imported_post":false,"_kad_post_transparent":"","_kad_post_title":"hide","_kad_post_layout":"fullwidth","_kad_post_sidebar_id":"","_kad_post_content_style":"unboxed","_kad_post_vertical_padding":"hide","_kad_post_feature":"hide","_kad_post_feature_position":"","_kad_post_header":false,"_kad_post_footer":false,"_kad_post_classname":"","footnotes":""},"folder":[],"class_list":["post-444","page","type-page","status-publish","hentry"],"yoast_head":"<!-- This site is optimized with the Yoast SEO plugin v27.4 - https:\/\/yoast.com\/product\/yoast-seo-wordpress\/ -->\n<title>A Propos - La Plage des Dauphins<\/title>\n<meta name=\"robots\" content=\"index, follow, max-snippet:-1, max-image-preview:large, max-video-preview:-1\" \/>\n<link rel=\"canonical\" href=\"https:\/\/plagedesdauphins.fr\/plage\/a-propos\/\" \/>\n<meta property=\"og:locale\" content=\"fr_FR\" \/>\n<meta property=\"og:type\" content=\"article\" \/>\n<meta property=\"og:title\" content=\"A Propos - La Plage des Dauphins\" \/>\n<meta property=\"og:description\" content=\"La Plage des Dauphins Notre histoire Il \u00e9tait une fois, La Plage des Dauphins\u2026 Un lieu de vie, une atmosph\u00e8re, un sentiment de s\u00e9r\u00e9nit\u00e9, un air de vacances, une bulle de plaisir et une vue incroyable entre lac et montagnes\u2026 Un lieu charg\u00e9 d\u2019histoire o\u00f9 il y fait bon vivre, d\u00e9jeuner, se pr\u00e9lasser et y...\" \/>\n<meta property=\"og:url\" content=\"https:\/\/plagedesdauphins.fr\/plage\/a-propos\/\" \/>\n<meta property=\"og:site_name\" content=\"La Plage des Dauphins\" \/>\n<meta property=\"article:modified_time\" content=\"2024-06-12T12:08:47+00:00\" \/>\n<meta property=\"og:image\" content=\"https:\/\/plagedesdauphins.fr\/plage\/wp-content\/uploads\/2024\/06\/histoire5-768x590.jpg\" \/>\n<meta name=\"twitter:card\" content=\"summary_large_image\" \/>\n<meta name=\"twitter:label1\" content=\"Dur\u00e9e de lecture estim\u00e9e\" \/>\n\t<meta name=\"twitter:data1\" content=\"2 minutes\" \/>\n<script type=\"application\/ld+json\" class=\"yoast-schema-graph\">{\"@context\":\"https:\\\/\\\/schema.org\",\"@graph\":[{\"@type\":\"WebPage\",\"@id\":\"https:\\\/\\\/plagedesdauphins.fr\\\/plage\\\/a-propos\\\/\",\"url\":\"https:\\\/\\\/plagedesdauphins.fr\\\/plage\\\/a-propos\\\/\",\"name\":\"A Propos - La Plage des Dauphins\",\"isPartOf\":{\"@id\":\"https:\\\/\\\/plagedesdauphins.fr\\\/plage\\\/#website\"},\"primaryImageOfPage\":{\"@id\":\"https:\\\/\\\/plagedesdauphins.fr\\\/plage\\\/a-propos\\\/#primaryimage\"},\"image\":{\"@id\":\"https:\\\/\\\/plagedesdauphins.fr\\\/plage\\\/a-propos\\\/#primaryimage\"},\"thumbnailUrl\":\"https:\\\/\\\/plagedesdauphins.fr\\\/plage\\\/wp-content\\\/uploads\\\/2024\\\/06\\\/histoire5-768x590.jpg\",\"datePublished\":\"2024-06-12T10:37:32+00:00\",\"dateModified\":\"2024-06-12T12:08:47+00:00\",\"breadcrumb\":{\"@id\":\"https:\\\/\\\/plagedesdauphins.fr\\\/plage\\\/a-propos\\\/#breadcrumb\"},\"inLanguage\":\"fr-FR\",\"potentialAction\":[{\"@type\":\"ReadAction\",\"target\":[\"https:\\\/\\\/plagedesdauphins.fr\\\/plage\\\/a-propos\\\/\"]}]},{\"@type\":\"ImageObject\",\"inLanguage\":\"fr-FR\",\"@id\":\"https:\\\/\\\/plagedesdauphins.fr\\\/plage\\\/a-propos\\\/#primaryimage\",\"url\":\"https:\\\/\\\/plagedesdauphins.fr\\\/plage\\\/wp-content\\\/uploads\\\/2024\\\/06\\\/histoire5.jpg\",\"contentUrl\":\"https:\\\/\\\/plagedesdauphins.fr\\\/plage\\\/wp-content\\\/uploads\\\/2024\\\/06\\\/histoire5.jpg\",\"width\":1921,\"height\":1475},{\"@type\":\"BreadcrumbList\",\"@id\":\"https:\\\/\\\/plagedesdauphins.fr\\\/plage\\\/a-propos\\\/#breadcrumb\",\"itemListElement\":[{\"@type\":\"ListItem\",\"position\":1,\"name\":\"Accueil\",\"item\":\"https:\\\/\\\/plagedesdauphins.fr\\\/plage\\\/\"},{\"@type\":\"ListItem\",\"position\":2,\"name\":\"A Propos\"}]},{\"@type\":\"WebSite\",\"@id\":\"https:\\\/\\\/plagedesdauphins.fr\\\/plage\\\/#website\",\"url\":\"https:\\\/\\\/plagedesdauphins.fr\\\/plage\\\/\",\"name\":\"La Plage des Dauphins\",\"description\":\"\",\"potentialAction\":[{\"@type\":\"SearchAction\",\"target\":{\"@type\":\"EntryPoint\",\"urlTemplate\":\"https:\\\/\\\/plagedesdauphins.fr\\\/plage\\\/?s={search_term_string}\"},\"query-input\":{\"@type\":\"PropertyValueSpecification\",\"valueRequired\":true,\"valueName\":\"search_term_string\"}}],\"inLanguage\":\"fr-FR\"}]}<\/script>\n<!-- \/ Yoast SEO plugin. -->","yoast_head_json":{"title":"A Propos - La Plage des Dauphins","robots":{"index":"index","follow":"follow","max-snippet":"max-snippet:-1","max-image-preview":"max-image-preview:large","max-video-preview":"max-video-preview:-1"},"canonical":"https:\/\/plagedesdauphins.fr\/plage\/a-propos\/","og_locale":"fr_FR","og_type":"article","og_title":"A Propos - La Plage des Dauphins","og_description":"La Plage des Dauphins Notre histoire Il \u00e9tait une fois, La Plage des Dauphins\u2026 Un lieu de vie, une atmosph\u00e8re, un sentiment de s\u00e9r\u00e9nit\u00e9, un air de vacances, une bulle de plaisir et une vue incroyable entre lac et montagnes\u2026 Un lieu charg\u00e9 d\u2019histoire o\u00f9 il y fait bon vivre, d\u00e9jeuner, se pr\u00e9lasser et y...","og_url":"https:\/\/plagedesdauphins.fr\/plage\/a-propos\/","og_site_name":"La Plage des Dauphins","article_modified_time":"2024-06-12T12:08:47+00:00","og_image":[{"url":"https:\/\/plagedesdauphins.fr\/plage\/wp-content\/uploads\/2024\/06\/histoire5-768x590.jpg","type":"","width":"","height":""}],"twitter_card":"summary_large_image","twitter_misc":{"Dur\u00e9e de lecture estim\u00e9e":"2 minutes"},"schema":{"@context":"https:\/\/schema.org","@graph":[{"@type":"WebPage","@id":"https:\/\/plagedesdauphins.fr\/plage\/a-propos\/","url":"https:\/\/plagedesdauphins.fr\/plage\/a-propos\/","name":"A Propos - La Plage des Dauphins","isPartOf":{"@id":"https:\/\/plagedesdauphins.fr\/plage\/#website"},"primaryImageOfPage":{"@id":"https:\/\/plagedesdauphins.fr\/plage\/a-propos\/#primaryimage"},"image":{"@id":"https:\/\/plagedesdauphins.fr\/plage\/a-propos\/#primaryimage"},"thumbnailUrl":"https:\/\/plagedesdauphins.fr\/plage\/wp-content\/uploads\/2024\/06\/histoire5-768x590.jpg","datePublished":"2024-06-12T10:37:32+00:00","dateModified":"2024-06-12T12:08:47+00:00","breadcrumb":{"@id":"https:\/\/plagedesdauphins.fr\/plage\/a-propos\/#breadcrumb"},"inLanguage":"fr-FR","potentialAction":[{"@type":"ReadAction","target":["https:\/\/plagedesdauphins.fr\/plage\/a-propos\/"]}]},{"@type":"ImageObject","inLanguage":"fr-FR","@id":"https:\/\/plagedesdauphins.fr\/plage\/a-propos\/#primaryimage","url":"https:\/\/plagedesdauphins.fr\/plage\/wp-content\/uploads\/2024\/06\/histoire5.jpg","contentUrl":"https:\/\/plagedesdauphins.fr\/plage\/wp-content\/uploads\/2024\/06\/histoire5.jpg","width":1921,"height":1475},{"@type":"BreadcrumbList","@id":"https:\/\/plagedesdauphins.fr\/plage\/a-propos\/#breadcrumb","itemListElement":[{"@type":"ListItem","position":1,"name":"Accueil","item":"https:\/\/plagedesdauphins.fr\/plage\/"},{"@type":"ListItem","position":2,"name":"A Propos"}]},{"@type":"WebSite","@id":"https:\/\/plagedesdauphins.fr\/plage\/#website","url":"https:\/\/plagedesdauphins.fr\/plage\/","name":"La Plage des Dauphins","description":"","potentialAction":[{"@type":"SearchAction","target":{"@type":"EntryPoint","urlTemplate":"https:\/\/plagedesdauphins.fr\/plage\/?s={search_term_string}"},"query-input":{"@type":"PropertyValueSpecification","valueRequired":true,"valueName":"search_term_string"}}],"inLanguage":"fr-FR"}]}},"_links":{"self":[{"href":"https:\/\/plagedesdauphins.fr\/plage\/wp-json\/wp\/v2\/pages\/444","targetHints":{"allow":["GET"]}}],"collection":[{"href":"https:\/\/plagedesdauphins.fr\/plage\/wp-json\/wp\/v2\/pages"}],"about":[{"href":"https:\/\/plagedesdauphins.fr\/plage\/wp-json\/wp\/v2\/types\/page"}],"author":[{"embeddable":true,"href":"https:\/\/plagedesdauphins.fr\/plage\/wp-json\/wp\/v2\/users\/1"}],"replies":[{"embeddable":true,"href":"https:\/\/plagedesdauphins.fr\/plage\/wp-json\/wp\/v2\/comments?post=444"}],"version-history":[{"count":13,"href":"https:\/\/plagedesdauphins.fr\/plage\/wp-json\/wp\/v2\/pages\/444\/revisions"}],"predecessor-version":[{"id":463,"href":"https:\/\/plagedesdauphins.fr\/plage\/wp-json\/wp\/v2\/pages\/444\/revisions\/463"}],"wp:attachment":[{"href":"https:\/\/plagedesdauphins.fr\/plage\/wp-json\/wp\/v2\/media?parent=444"}],"wp:term":[{"taxonomy":"folder","embeddable":true,"href":"https:\/\/plagedesdauphins.fr\/plage\/wp-json\/wp\/v2\/folder?post=444"}],"curies":[{"name":"wp","href":"https:\/\/api.w.org\/{rel}","templated":true}]}}