{"id":312,"date":"2024-06-12T01:49:02","date_gmt":"2024-06-11T23:49:02","guid":{"rendered":"https:\/\/plagedesdauphins.fr\/plage\/?page_id=312"},"modified":"2024-06-14T09:25:05","modified_gmt":"2024-06-14T07:25:05","slug":"contact","status":"publish","type":"page","link":"https:\/\/plagedesdauphins.fr\/plage\/contact\/","title":{"rendered":"Contact"},"content":{"rendered":"\t\t<div data-elementor-type=\"wp-page\" data-elementor-id=\"312\" class=\"elementor elementor-312\" data-elementor-settings=\"{&quot;ha_cmc_init_switcher&quot;:&quot;no&quot;}\">\n\t\t\t\t<div class=\"elementor-element elementor-element-57509db e-flex e-con-boxed e-con e-parent\" data-id=\"57509db\" data-element_type=\"container\" data-e-type=\"container\" data-settings=\"{&quot;background_background&quot;:&quot;slideshow&quot;,&quot;background_slideshow_gallery&quot;:[{&quot;id&quot;:146,&quot;url&quot;:&quot;https:\\\/\\\/plagedesdauphins.fr\\\/plage\\\/wp-content\\\/uploads\\\/2024\\\/06\\\/entete_Fotor-1.jpg&quot;}],&quot;shape_divider_bottom&quot;:&quot;mountains&quot;,&quot;background_slideshow_loop&quot;:&quot;yes&quot;,&quot;background_slideshow_slide_duration&quot;:5000,&quot;background_slideshow_slide_transition&quot;:&quot;fade&quot;,&quot;background_slideshow_transition_duration&quot;:500,&quot;_ha_eqh_enable&quot;:false}\">\n\t\t\t\t\t<div class=\"e-con-inner\">\n\t\t\t\t<div class=\"elementor-shape elementor-shape-bottom\" aria-hidden=\"true\" data-negative=\"false\">\n\t\t\t<svg xmlns=\"http:\/\/www.w3.org\/2000\/svg\" viewBox=\"0 0 1000 100\" preserveAspectRatio=\"none\">\n\t<path class=\"elementor-shape-fill\" opacity=\"0.33\" d=\"M473,67.3c-203.9,88.3-263.1-34-320.3,0C66,119.1,0,59.7,0,59.7V0h1000v59.7 c0,0-62.1,26.1-94.9,29.3c-32.8,3.3-62.8-12.3-75.8-22.1C806,49.6,745.3,8.7,694.9,4.7S492.4,59,473,67.3z\"\/>\n\t<path class=\"elementor-shape-fill\" opacity=\"0.66\" d=\"M734,67.3c-45.5,0-77.2-23.2-129.1-39.1c-28.6-8.7-150.3-10.1-254,39.1 s-91.7-34.4-149.2,0C115.7,118.3,0,39.8,0,39.8V0h1000v36.5c0,0-28.2-18.5-92.1-18.5C810.2,18.1,775.7,67.3,734,67.3z\"\/>\n\t<path class=\"elementor-shape-fill\" d=\"M766.1,28.9c-200-57.5-266,65.5-395.1,19.5C242,1.8,242,5.4,184.8,20.6C128,35.8,132.3,44.9,89.9,52.5C28.6,63.7,0,0,0,0 h1000c0,0-9.9,40.9-83.6,48.1S829.6,47,766.1,28.9z\"\/>\n<\/svg>\t\t<\/div>\n\t\t\t\t<div class=\"elementor-element elementor-element-cb678d2 elementor-widget elementor-widget-heading\" data-id=\"cb678d2\" data-element_type=\"widget\" data-e-type=\"widget\" data-widget_type=\"heading.default\">\n\t\t\t\t<div class=\"elementor-widget-container\">\n\t\t\t\t\t<h1 class=\"elementor-heading-title elementor-size-default\">La Plage des Dauphins<\/h1>\t\t\t\t<\/div>\n\t\t\t\t<\/div>\n\t\t\t\t<div class=\"elementor-element elementor-element-d110d89 elementor-widget elementor-widget-heading\" data-id=\"d110d89\" data-element_type=\"widget\" data-e-type=\"widget\" data-widget_type=\"heading.default\">\n\t\t\t\t<div class=\"elementor-widget-container\">\n\t\t\t\t\t<h3 class=\"elementor-heading-title elementor-size-default\">Contact<\/h3>\t\t\t\t<\/div>\n\t\t\t\t<\/div>\n\t\t\t\t\t<\/div>\n\t\t\t\t<\/div>\n\t\t<div class=\"elementor-element elementor-element-56e2c19 e-flex e-con-boxed e-con e-parent\" data-id=\"56e2c19\" data-element_type=\"container\" data-e-type=\"container\" data-settings=\"{&quot;_ha_eqh_enable&quot;:false}\">\n\t\t\t\t\t<div class=\"e-con-inner\">\n\t\t\t\t<div class=\"elementor-element elementor-element-a446268 ha-has-bg-overlay elementor-widget elementor-widget-heading\" data-id=\"a446268\" data-element_type=\"widget\" data-e-type=\"widget\" data-widget_type=\"heading.default\">\n\t\t\t\t<div class=\"elementor-widget-container\">\n\t\t\t\t\t<h2 class=\"elementor-heading-title elementor-size-default\">Horaires d\u2019ouverture<\/h2>\t\t\t\t<\/div>\n\t\t\t\t<\/div>\n\t\t\t\t\t<\/div>\n\t\t\t\t<\/div>\n\t\t<div class=\"elementor-element elementor-element-cf4a6b7 e-flex e-con-boxed e-con e-parent\" data-id=\"cf4a6b7\" data-element_type=\"container\" data-e-type=\"container\" data-settings=\"{&quot;_ha_eqh_enable&quot;:false}\">\n\t\t\t\t\t<div class=\"e-con-inner\">\n\t\t\t\t<div class=\"elementor-element elementor-element-9d6897c elementor-widget elementor-widget-text-editor\" data-id=\"9d6897c\" data-element_type=\"widget\" data-e-type=\"widget\" data-widget_type=\"text-editor.default\">\n\t\t\t\t<div class=\"elementor-widget-container\">\n\t\t\t\t\t\t\t\t\t<h5 class=\"wp-block-heading has-text-align-center\" style=\"text-align: center;\"><strong>Avril \u2013 Mai \u2013 Septembre \u2013 Octobre<\/strong><\/h5><p class=\"has-text-align-center\" style=\"text-align: center;\">Ouvert tous les jours sauf Mardi et Mercredi toute la journ\u00e9e<\/p><h5 class=\"wp-block-heading has-text-align-center\" style=\"text-align: center;\"><strong>Juin<\/strong><\/h5><p class=\"has-text-align-center\" style=\"text-align: center;\">Ouvert tous les jours sauf le mardi<\/p><h5 class=\"wp-block-heading has-text-align-center\" style=\"text-align: center;\"><strong>Juillet \u2013 Ao\u00fbt<\/strong><\/h5><p class=\"has-text-align-center\" style=\"text-align: center;\">Ouvert tous les jours<\/p>\t\t\t\t\t\t\t\t<\/div>\n\t\t\t\t<\/div>\n\t\t\t\t\t<\/div>\n\t\t\t\t<\/div>\n\t\t<div class=\"elementor-element elementor-element-5adbd56 e-flex e-con-boxed e-con e-parent\" data-id=\"5adbd56\" data-element_type=\"container\" data-e-type=\"container\" data-settings=\"{&quot;_ha_eqh_enable&quot;:false}\">\n\t\t\t\t\t<div class=\"e-con-inner\">\n\t\t\t\t<div class=\"elementor-element elementor-element-ab62115 elementor-widget elementor-widget-text-editor\" data-id=\"ab62115\" data-element_type=\"widget\" data-e-type=\"widget\" data-widget_type=\"text-editor.default\">\n\t\t\t\t<div class=\"elementor-widget-container\">\n\t\t\t\t\t\t\t\t\t<p style=\"text-align: center;\"><img decoding=\"async\" class=\"alignnone size-full wp-image-11\" src=\"https:\/\/plagedesdauphins.fr\/plage\/wp-content\/uploads\/2024\/06\/new-gif-1.gif\" alt=\"\" width=\"45\" height=\"37\" \/>Vous pouvez \u00e9galement r\u00e9servez votre table et\/ou vos transats en ligne<\/p>\t\t\t\t\t\t\t\t<\/div>\n\t\t\t\t<\/div>\n\t\t\t\t\t<\/div>\n\t\t\t\t<\/div>\n\t\t<div class=\"elementor-element elementor-element-f029c75 e-flex e-con-boxed e-con e-parent\" data-id=\"f029c75\" data-element_type=\"container\" data-e-type=\"container\" data-settings=\"{&quot;_ha_eqh_enable&quot;:false}\">\n\t\t\t\t\t<div class=\"e-con-inner\">\n\t\t\t\t<div class=\"elementor-element elementor-element-5703b6f elementor-align-center elementor-widget elementor-widget-button\" data-id=\"5703b6f\" data-element_type=\"widget\" data-e-type=\"widget\" data-widget_type=\"button.default\">\n\t\t\t\t<div class=\"elementor-widget-container\">\n\t\t\t\t\t\t\t\t\t<div class=\"elementor-button-wrapper\">\n\t\t\t\t\t<a class=\"elementor-button elementor-button-link elementor-size-sm\" href=\"https:\/\/app.overfull.fr\/booking-v2\/?key_id=eyJ0eXAiOiJKV1QiLCJhbGciOiJIUzI1NiJ9.eyJrZXkiOjMzMn0.nSyHgwEHZdTgOxx7FnslmsXBL5A3brLTFZN5z4OINKM&#038;source=Google\" target=\"_blank\">\n\t\t\t\t\t\t<span class=\"elementor-button-content-wrapper\">\n\t\t\t\t\t\t<span class=\"elementor-button-icon\">\n\t\t\t\t<svg aria-hidden=\"true\" class=\"e-font-icon-svg e-far-calendar-check\" viewBox=\"0 0 448 512\" xmlns=\"http:\/\/www.w3.org\/2000\/svg\"><path d=\"M400 64h-48V12c0-6.627-5.373-12-12-12h-40c-6.627 0-12 5.373-12 12v52H160V12c0-6.627-5.373-12-12-12h-40c-6.627 0-12 5.373-12 12v52H48C21.49 64 0 85.49 0 112v352c0 26.51 21.49 48 48 48h352c26.51 0 48-21.49 48-48V112c0-26.51-21.49-48-48-48zm-6 400H54a6 6 0 0 1-6-6V160h352v298a6 6 0 0 1-6 6zm-52.849-200.65L198.842 404.519c-4.705 4.667-12.303 4.637-16.971-.068l-75.091-75.699c-4.667-4.705-4.637-12.303.068-16.971l22.719-22.536c4.705-4.667 12.303-4.637 16.97.069l44.104 44.461 111.072-110.181c4.705-4.667 12.303-4.637 16.971.068l22.536 22.718c4.667 4.705 4.636 12.303-.069 16.97z\"><\/path><\/svg>\t\t\t<\/span>\n\t\t\t\t\t\t\t\t\t<span class=\"elementor-button-text\">R\u00e9servez votre table <\/span>\n\t\t\t\t\t<\/span>\n\t\t\t\t\t<\/a>\n\t\t\t\t<\/div>\n\t\t\t\t\t\t\t\t<\/div>\n\t\t\t\t<\/div>\n\t\t\t\t\t<\/div>\n\t\t\t\t<\/div>\n\t\t<div class=\"elementor-element elementor-element-13e0fe1 e-flex e-con-boxed e-con e-parent\" data-id=\"13e0fe1\" data-element_type=\"container\" data-e-type=\"container\" data-settings=\"{&quot;_ha_eqh_enable&quot;:false}\">\n\t\t\t\t\t<div class=\"e-con-inner\">\n\t\t\t\t<div class=\"elementor-element elementor-element-8d290fe elementor-widget elementor-widget-text-editor\" data-id=\"8d290fe\" data-element_type=\"widget\" data-e-type=\"widget\" data-widget_type=\"text-editor.default\">\n\t\t\t\t<div class=\"elementor-widget-container\">\n\t\t\t\t\t\t\t\t\t<p class=\"has-text-align-center has-medium-font-size\" style=\"text-align: center;\">340 Chemin des Plages, 38850 Charavines<\/p><p class=\"has-text-align-center has-medium-font-size\" style=\"text-align: center;\">Tel: 06.65.05.85.98<\/p>\t\t\t\t\t\t\t\t<\/div>\n\t\t\t\t<\/div>\n\t\t\t\t\t<\/div>\n\t\t\t\t<\/div>\n\t\t<div class=\"elementor-element elementor-element-93c5622 e-flex e-con-boxed e-con e-parent\" data-id=\"93c5622\" data-element_type=\"container\" data-e-type=\"container\" data-settings=\"{&quot;_ha_eqh_enable&quot;:false}\">\n\t\t\t\t\t<div class=\"e-con-inner\">\n\t\t\t\t<div class=\"elementor-element elementor-element-536b9bd elementor-widget elementor-widget-google_maps\" data-id=\"536b9bd\" data-element_type=\"widget\" data-e-type=\"widget\" data-widget_type=\"google_maps.default\">\n\t\t\t\t<div class=\"elementor-widget-container\">\n\t\t\t\t\t\t\t<div class=\"elementor-custom-embed\">\n\t\t\t<iframe loading=\"lazy\"\n\t\t\t\t\tsrc=\"https:\/\/maps.google.com\/maps?q=la%20plage%20des%20dauphins%2C%20charavines&#038;t=m&#038;z=15&#038;output=embed&#038;iwloc=near\"\n\t\t\t\t\ttitle=\"la plage des dauphins, charavines\"\n\t\t\t\t\taria-label=\"la plage des dauphins, charavines\"\n\t\t\t><\/iframe>\n\t\t<\/div>\n\t\t\t\t\t\t<\/div>\n\t\t\t\t<\/div>\n\t\t\t\t\t<\/div>\n\t\t\t\t<\/div>\n\t\t\t\t<\/div>\n\t\t","protected":false},"excerpt":{"rendered":"<p>La Plage des Dauphins Contact Horaires d\u2019ouverture Avril \u2013 Mai \u2013 Septembre \u2013 Octobre Ouvert tous les jours sauf Mardi et Mercredi toute la journ\u00e9e Juin Ouvert tous les jours sauf le mardi Juillet \u2013 Ao\u00fbt Ouvert tous les jours Vous pouvez \u00e9galement r\u00e9servez votre table et\/ou vos transats en ligne R\u00e9servez votre table 340&#8230;<\/p>\n","protected":false},"author":1,"featured_media":0,"parent":0,"menu_order":0,"comment_status":"closed","ping_status":"closed","template":"","meta":{"_kadence_starter_templates_imported_post":false,"_kad_post_transparent":"","_kad_post_title":"hide","_kad_post_layout":"fullwidth","_kad_post_sidebar_id":"","_kad_post_content_style":"unboxed","_kad_post_vertical_padding":"hide","_kad_post_feature":"hide","_kad_post_feature_position":"","_kad_post_header":false,"_kad_post_footer":false,"_kad_post_classname":"","footnotes":""},"folder":[],"class_list":["post-312","page","type-page","status-publish","hentry"],"yoast_head":"<!-- This site is optimized with the Yoast SEO plugin v27.5 - https:\/\/yoast.com\/product\/yoast-seo-wordpress\/ -->\n<title>Contact - La Plage des Dauphins<\/title>\n<meta name=\"robots\" content=\"index, follow, max-snippet:-1, max-image-preview:large, max-video-preview:-1\" \/>\n<link rel=\"canonical\" href=\"https:\/\/plagedesdauphins.fr\/plage\/contact\/\" \/>\n<meta property=\"og:locale\" content=\"fr_FR\" \/>\n<meta property=\"og:type\" content=\"article\" \/>\n<meta property=\"og:title\" content=\"Contact - La Plage des Dauphins\" \/>\n<meta property=\"og:description\" content=\"La Plage des Dauphins Contact Horaires d\u2019ouverture Avril \u2013 Mai \u2013 Septembre \u2013 Octobre Ouvert tous les jours sauf Mardi et Mercredi toute la journ\u00e9e Juin Ouvert tous les jours sauf le mardi Juillet \u2013 Ao\u00fbt Ouvert tous les jours Vous pouvez \u00e9galement r\u00e9servez votre table et\/ou vos transats en ligne R\u00e9servez votre table 340...\" \/>\n<meta property=\"og:url\" content=\"https:\/\/plagedesdauphins.fr\/plage\/contact\/\" \/>\n<meta property=\"og:site_name\" content=\"La Plage des Dauphins\" \/>\n<meta property=\"article:modified_time\" content=\"2024-06-14T07:25:05+00:00\" \/>\n<meta property=\"og:image\" content=\"https:\/\/plagedesdauphins.fr\/plage\/wp-content\/uploads\/2024\/06\/new-gif-1.gif\" \/>\n<meta name=\"twitter:card\" content=\"summary_large_image\" \/>\n<script type=\"application\/ld+json\" class=\"yoast-schema-graph\">{\"@context\":\"https:\\\/\\\/schema.org\",\"@graph\":[{\"@type\":\"WebPage\",\"@id\":\"https:\\\/\\\/plagedesdauphins.fr\\\/plage\\\/contact\\\/\",\"url\":\"https:\\\/\\\/plagedesdauphins.fr\\\/plage\\\/contact\\\/\",\"name\":\"Contact - La Plage des Dauphins\",\"isPartOf\":{\"@id\":\"https:\\\/\\\/plagedesdauphins.fr\\\/plage\\\/#website\"},\"primaryImageOfPage\":{\"@id\":\"https:\\\/\\\/plagedesdauphins.fr\\\/plage\\\/contact\\\/#primaryimage\"},\"image\":{\"@id\":\"https:\\\/\\\/plagedesdauphins.fr\\\/plage\\\/contact\\\/#primaryimage\"},\"thumbnailUrl\":\"https:\\\/\\\/plagedesdauphins.fr\\\/plage\\\/wp-content\\\/uploads\\\/2024\\\/06\\\/new-gif-1.gif\",\"datePublished\":\"2024-06-11T23:49:02+00:00\",\"dateModified\":\"2024-06-14T07:25:05+00:00\",\"breadcrumb\":{\"@id\":\"https:\\\/\\\/plagedesdauphins.fr\\\/plage\\\/contact\\\/#breadcrumb\"},\"inLanguage\":\"fr-FR\",\"potentialAction\":[{\"@type\":\"ReadAction\",\"target\":[\"https:\\\/\\\/plagedesdauphins.fr\\\/plage\\\/contact\\\/\"]}]},{\"@type\":\"ImageObject\",\"inLanguage\":\"fr-FR\",\"@id\":\"https:\\\/\\\/plagedesdauphins.fr\\\/plage\\\/contact\\\/#primaryimage\",\"url\":\"https:\\\/\\\/plagedesdauphins.fr\\\/plage\\\/wp-content\\\/uploads\\\/2024\\\/06\\\/new-gif-1.gif\",\"contentUrl\":\"https:\\\/\\\/plagedesdauphins.fr\\\/plage\\\/wp-content\\\/uploads\\\/2024\\\/06\\\/new-gif-1.gif\",\"width\":45,\"height\":37},{\"@type\":\"BreadcrumbList\",\"@id\":\"https:\\\/\\\/plagedesdauphins.fr\\\/plage\\\/contact\\\/#breadcrumb\",\"itemListElement\":[{\"@type\":\"ListItem\",\"position\":1,\"name\":\"Accueil\",\"item\":\"https:\\\/\\\/plagedesdauphins.fr\\\/plage\\\/\"},{\"@type\":\"ListItem\",\"position\":2,\"name\":\"Contact\"}]},{\"@type\":\"WebSite\",\"@id\":\"https:\\\/\\\/plagedesdauphins.fr\\\/plage\\\/#website\",\"url\":\"https:\\\/\\\/plagedesdauphins.fr\\\/plage\\\/\",\"name\":\"La Plage des Dauphins\",\"description\":\"\",\"potentialAction\":[{\"@type\":\"SearchAction\",\"target\":{\"@type\":\"EntryPoint\",\"urlTemplate\":\"https:\\\/\\\/plagedesdauphins.fr\\\/plage\\\/?s={search_term_string}\"},\"query-input\":{\"@type\":\"PropertyValueSpecification\",\"valueRequired\":true,\"valueName\":\"search_term_string\"}}],\"inLanguage\":\"fr-FR\"}]}<\/script>\n<!-- \/ Yoast SEO plugin. -->","yoast_head_json":{"title":"Contact - La Plage des Dauphins","robots":{"index":"index","follow":"follow","max-snippet":"max-snippet:-1","max-image-preview":"max-image-preview:large","max-video-preview":"max-video-preview:-1"},"canonical":"https:\/\/plagedesdauphins.fr\/plage\/contact\/","og_locale":"fr_FR","og_type":"article","og_title":"Contact - La Plage des Dauphins","og_description":"La Plage des Dauphins Contact Horaires d\u2019ouverture Avril \u2013 Mai \u2013 Septembre \u2013 Octobre Ouvert tous les jours sauf Mardi et Mercredi toute la journ\u00e9e Juin Ouvert tous les jours sauf le mardi Juillet \u2013 Ao\u00fbt Ouvert tous les jours Vous pouvez \u00e9galement r\u00e9servez votre table et\/ou vos transats en ligne R\u00e9servez votre table 340...","og_url":"https:\/\/plagedesdauphins.fr\/plage\/contact\/","og_site_name":"La Plage des Dauphins","article_modified_time":"2024-06-14T07:25:05+00:00","og_image":[{"url":"https:\/\/plagedesdauphins.fr\/plage\/wp-content\/uploads\/2024\/06\/new-gif-1.gif","type":"","width":"","height":""}],"twitter_card":"summary_large_image","schema":{"@context":"https:\/\/schema.org","@graph":[{"@type":"WebPage","@id":"https:\/\/plagedesdauphins.fr\/plage\/contact\/","url":"https:\/\/plagedesdauphins.fr\/plage\/contact\/","name":"Contact - La Plage des Dauphins","isPartOf":{"@id":"https:\/\/plagedesdauphins.fr\/plage\/#website"},"primaryImageOfPage":{"@id":"https:\/\/plagedesdauphins.fr\/plage\/contact\/#primaryimage"},"image":{"@id":"https:\/\/plagedesdauphins.fr\/plage\/contact\/#primaryimage"},"thumbnailUrl":"https:\/\/plagedesdauphins.fr\/plage\/wp-content\/uploads\/2024\/06\/new-gif-1.gif","datePublished":"2024-06-11T23:49:02+00:00","dateModified":"2024-06-14T07:25:05+00:00","breadcrumb":{"@id":"https:\/\/plagedesdauphins.fr\/plage\/contact\/#breadcrumb"},"inLanguage":"fr-FR","potentialAction":[{"@type":"ReadAction","target":["https:\/\/plagedesdauphins.fr\/plage\/contact\/"]}]},{"@type":"ImageObject","inLanguage":"fr-FR","@id":"https:\/\/plagedesdauphins.fr\/plage\/contact\/#primaryimage","url":"https:\/\/plagedesdauphins.fr\/plage\/wp-content\/uploads\/2024\/06\/new-gif-1.gif","contentUrl":"https:\/\/plagedesdauphins.fr\/plage\/wp-content\/uploads\/2024\/06\/new-gif-1.gif","width":45,"height":37},{"@type":"BreadcrumbList","@id":"https:\/\/plagedesdauphins.fr\/plage\/contact\/#breadcrumb","itemListElement":[{"@type":"ListItem","position":1,"name":"Accueil","item":"https:\/\/plagedesdauphins.fr\/plage\/"},{"@type":"ListItem","position":2,"name":"Contact"}]},{"@type":"WebSite","@id":"https:\/\/plagedesdauphins.fr\/plage\/#website","url":"https:\/\/plagedesdauphins.fr\/plage\/","name":"La Plage des Dauphins","description":"","potentialAction":[{"@type":"SearchAction","target":{"@type":"EntryPoint","urlTemplate":"https:\/\/plagedesdauphins.fr\/plage\/?s={search_term_string}"},"query-input":{"@type":"PropertyValueSpecification","valueRequired":true,"valueName":"search_term_string"}}],"inLanguage":"fr-FR"}]}},"_links":{"self":[{"href":"https:\/\/plagedesdauphins.fr\/plage\/wp-json\/wp\/v2\/pages\/312","targetHints":{"allow":["GET"]}}],"collection":[{"href":"https:\/\/plagedesdauphins.fr\/plage\/wp-json\/wp\/v2\/pages"}],"about":[{"href":"https:\/\/plagedesdauphins.fr\/plage\/wp-json\/wp\/v2\/types\/page"}],"author":[{"embeddable":true,"href":"https:\/\/plagedesdauphins.fr\/plage\/wp-json\/wp\/v2\/users\/1"}],"replies":[{"embeddable":true,"href":"https:\/\/plagedesdauphins.fr\/plage\/wp-json\/wp\/v2\/comments?post=312"}],"version-history":[{"count":26,"href":"https:\/\/plagedesdauphins.fr\/plage\/wp-json\/wp\/v2\/pages\/312\/revisions"}],"predecessor-version":[{"id":591,"href":"https:\/\/plagedesdauphins.fr\/plage\/wp-json\/wp\/v2\/pages\/312\/revisions\/591"}],"wp:attachment":[{"href":"https:\/\/plagedesdauphins.fr\/plage\/wp-json\/wp\/v2\/media?parent=312"}],"wp:term":[{"taxonomy":"folder","embeddable":true,"href":"https:\/\/plagedesdauphins.fr\/plage\/wp-json\/wp\/v2\/folder?post=312"}],"curies":[{"name":"wp","href":"https:\/\/api.w.org\/{rel}","templated":true}]}}