{"id":258,"date":"2024-06-12T01:17:12","date_gmt":"2024-06-11T23:17:12","guid":{"rendered":"https:\/\/plagedesdauphins.fr\/plage\/?page_id=258"},"modified":"2026-03-15T20:27:18","modified_gmt":"2026-03-15T19:27:18","slug":"menus-groupes","status":"publish","type":"page","link":"https:\/\/plagedesdauphins.fr\/plage\/menus-groupes\/","title":{"rendered":"Menus groupes"},"content":{"rendered":"\t\t<div data-elementor-type=\"wp-page\" data-elementor-id=\"258\" class=\"elementor elementor-258\" data-elementor-settings=\"{&quot;ha_cmc_init_switcher&quot;:&quot;no&quot;}\">\n\t\t\t\t<div class=\"elementor-element elementor-element-af10797 e-flex e-con-boxed e-con e-parent\" data-id=\"af10797\" data-element_type=\"container\" data-e-type=\"container\" data-settings=\"{&quot;_ha_eqh_enable&quot;:false}\">\n\t\t\t\t\t<div class=\"e-con-inner\">\n\t\t<div class=\"elementor-element elementor-element-09d01a5 e-flex e-con-boxed e-con e-child\" data-id=\"09d01a5\" data-element_type=\"container\" data-e-type=\"container\" data-settings=\"{&quot;background_background&quot;:&quot;slideshow&quot;,&quot;background_slideshow_gallery&quot;:[{&quot;id&quot;:146,&quot;url&quot;:&quot;https:\\\/\\\/plagedesdauphins.fr\\\/plage\\\/wp-content\\\/uploads\\\/2024\\\/06\\\/entete_Fotor-1.jpg&quot;}],&quot;shape_divider_bottom&quot;:&quot;mountains&quot;,&quot;background_slideshow_loop&quot;:&quot;yes&quot;,&quot;background_slideshow_slide_duration&quot;:5000,&quot;background_slideshow_slide_transition&quot;:&quot;fade&quot;,&quot;background_slideshow_transition_duration&quot;:500,&quot;_ha_eqh_enable&quot;:false}\">\n\t\t\t\t\t<div class=\"e-con-inner\">\n\t\t\t\t<div class=\"elementor-shape elementor-shape-bottom\" aria-hidden=\"true\" data-negative=\"false\">\n\t\t\t<svg xmlns=\"http:\/\/www.w3.org\/2000\/svg\" viewBox=\"0 0 1000 100\" preserveAspectRatio=\"none\">\n\t<path class=\"elementor-shape-fill\" opacity=\"0.33\" d=\"M473,67.3c-203.9,88.3-263.1-34-320.3,0C66,119.1,0,59.7,0,59.7V0h1000v59.7 c0,0-62.1,26.1-94.9,29.3c-32.8,3.3-62.8-12.3-75.8-22.1C806,49.6,745.3,8.7,694.9,4.7S492.4,59,473,67.3z\"\/>\n\t<path class=\"elementor-shape-fill\" opacity=\"0.66\" d=\"M734,67.3c-45.5,0-77.2-23.2-129.1-39.1c-28.6-8.7-150.3-10.1-254,39.1 s-91.7-34.4-149.2,0C115.7,118.3,0,39.8,0,39.8V0h1000v36.5c0,0-28.2-18.5-92.1-18.5C810.2,18.1,775.7,67.3,734,67.3z\"\/>\n\t<path class=\"elementor-shape-fill\" d=\"M766.1,28.9c-200-57.5-266,65.5-395.1,19.5C242,1.8,242,5.4,184.8,20.6C128,35.8,132.3,44.9,89.9,52.5C28.6,63.7,0,0,0,0 h1000c0,0-9.9,40.9-83.6,48.1S829.6,47,766.1,28.9z\"\/>\n<\/svg>\t\t<\/div>\n\t\t\t\t<div class=\"elementor-element elementor-element-f07d22a elementor-widget elementor-widget-heading\" data-id=\"f07d22a\" data-element_type=\"widget\" data-e-type=\"widget\" data-widget_type=\"heading.default\">\n\t\t\t\t<div class=\"elementor-widget-container\">\n\t\t\t\t\t<h1 class=\"elementor-heading-title elementor-size-default\">La Plage des Dauphins<\/h1>\t\t\t\t<\/div>\n\t\t\t\t<\/div>\n\t\t\t\t<div class=\"elementor-element elementor-element-73c0671 elementor-widget elementor-widget-heading\" data-id=\"73c0671\" data-element_type=\"widget\" data-e-type=\"widget\" data-widget_type=\"heading.default\">\n\t\t\t\t<div class=\"elementor-widget-container\">\n\t\t\t\t\t<h3 class=\"elementor-heading-title elementor-size-default\">Menus groupes<\/h3>\t\t\t\t<\/div>\n\t\t\t\t<\/div>\n\t\t\t\t\t<\/div>\n\t\t\t\t<\/div>\n\t\t\t\t\t<\/div>\n\t\t\t\t<\/div>\n\t\t<div class=\"elementor-element elementor-element-033fc02 e-flex e-con-boxed e-con e-parent\" data-id=\"033fc02\" data-element_type=\"container\" data-e-type=\"container\" data-settings=\"{&quot;_ha_eqh_enable&quot;:false}\">\n\t\t\t\t\t<div class=\"e-con-inner\">\n\t\t<div class=\"elementor-element elementor-element-6e867dc e-con-full e-flex e-con e-child\" data-id=\"6e867dc\" data-element_type=\"container\" data-e-type=\"container\" data-settings=\"{&quot;_ha_eqh_enable&quot;:false}\">\n\t\t\t\t<div class=\"elementor-element elementor-element-d856bb6 elementor-widget elementor-widget-heading\" data-id=\"d856bb6\" data-element_type=\"widget\" data-e-type=\"widget\" data-widget_type=\"heading.default\">\n\t\t\t\t<div class=\"elementor-widget-container\">\n\t\t\t\t\t<h2 class=\"elementor-heading-title elementor-size-default\">Menu de groupes \u00e0 partir de 20 personnes<\/h2>\t\t\t\t<\/div>\n\t\t\t\t<\/div>\n\t\t\t\t<\/div>\n\t\t<div class=\"elementor-element elementor-element-421c5fe e-con-full e-flex e-con e-child\" data-id=\"421c5fe\" data-element_type=\"container\" data-e-type=\"container\" data-settings=\"{&quot;_ha_eqh_enable&quot;:false}\">\n\t\t\t\t<div class=\"elementor-element elementor-element-d412ec7 elementor-mobile-align-center elementor-widget elementor-widget-button\" data-id=\"d412ec7\" data-element_type=\"widget\" data-e-type=\"widget\" data-widget_type=\"button.default\">\n\t\t\t\t<div class=\"elementor-widget-container\">\n\t\t\t\t\t\t\t\t\t<div class=\"elementor-button-wrapper\">\n\t\t\t\t\t<a class=\"elementor-button elementor-button-link elementor-size-sm\" href=\"https:\/\/plagedesdauphins.fr\/plage\/wp-content\/uploads\/2026\/03\/Menus-Groupes-2026.pdf\" target=\"_blank\">\n\t\t\t\t\t\t<span class=\"elementor-button-content-wrapper\">\n\t\t\t\t\t\t<span class=\"elementor-button-icon\">\n\t\t\t\t<svg aria-hidden=\"true\" class=\"e-font-icon-svg e-fas-file-download\" viewBox=\"0 0 384 512\" xmlns=\"http:\/\/www.w3.org\/2000\/svg\"><path d=\"M224 136V0H24C10.7 0 0 10.7 0 24v464c0 13.3 10.7 24 24 24h336c13.3 0 24-10.7 24-24V160H248c-13.2 0-24-10.8-24-24zm76.45 211.36l-96.42 95.7c-6.65 6.61-17.39 6.61-24.04 0l-96.42-95.7C73.42 337.29 80.54 320 94.82 320H160v-80c0-8.84 7.16-16 16-16h32c8.84 0 16 7.16 16 16v80h65.18c14.28 0 21.4 17.29 11.27 27.36zM377 105L279.1 7c-4.5-4.5-10.6-7-17-7H256v128h128v-6.1c0-6.3-2.5-12.4-7-16.9z\"><\/path><\/svg>\t\t\t<\/span>\n\t\t\t\t\t\t\t\t\t<span class=\"elementor-button-text\">T\u00e9l\u00e9chargez les menus<\/span>\n\t\t\t\t\t<\/span>\n\t\t\t\t\t<\/a>\n\t\t\t\t<\/div>\n\t\t\t\t\t\t\t\t<\/div>\n\t\t\t\t<\/div>\n\t\t\t\t<\/div>\n\t\t\t\t\t<\/div>\n\t\t\t\t<\/div>\n\t\t<div class=\"elementor-element elementor-element-2b58fa4 e-flex e-con-boxed e-con e-parent\" data-id=\"2b58fa4\" data-element_type=\"container\" data-e-type=\"container\" data-settings=\"{&quot;_ha_eqh_enable&quot;:false}\">\n\t\t\t\t\t<div class=\"e-con-inner\">\n\t\t\t\t<div class=\"elementor-element elementor-element-6c04d62 elementor-widget elementor-widget-narestaurant_unique_food_menu\" data-id=\"6c04d62\" data-element_type=\"widget\" data-e-type=\"widget\" data-widget_type=\"narestaurant_unique_food_menu.default\">\n\t\t\t\t<div class=\"elementor-widget-container\">\n\t\t\t\t\t<div class=\"narep-food-menu-wrap\"><div class=\"narep-food-menu-item-wrap zoom-image no-img\">\n\t\t\t\t\t\t\t\t\t\t\t              <div class=\"narep-food-menu-info\"><h4 class=\"narep-food-menu-title\"><span class=\"food-title\">Menu Promeneurs<\/span><span class=\"food-price\">27\u20ac<\/span><\/h4><p><center><H5><font size=\"5pt\">Chiffonnade de Jambon Cru Serrano<br>\nOu Salade Caesar<br>\n******<br>\nPetite Friture au Citron\n<br>\nOu Filet de Dorade, Jus Beurre Citronn\u00e9  <br>\nOu Filet Mignon, Jus au Thym<br>\n******<br>\nFromage Blanc<br>\nou Fondant au Chocolat ou Vacherin Framboise<br><br>\n\n*Suppl\u00e9ment Fromage <mark>ET<\/mark> dessert +4\u20ac<br><br>\n\nForfait Boissons 11\u20ac\/personne<br>\n1 Kir ou Jus de Fruit et \u00bc de Vin par personne, Caf\u00e9 offert.\n<br><br>\n<mark>Pas de Panachage Possible entre les Menus pour un m\u00eame Groupe<\/mark><\/p><\/div>\n\t\t\t\t\t\t\t\t\t\t\t            <\/div><div class=\"narep-food-menu-item-wrap zoom-image no-img\">\n\t\t\t\t\t\t\t\t\t\t\t              <div class=\"narep-food-menu-info\"><h4 class=\"narep-food-menu-title\"><span class=\"food-title\">Menu Dauphins<\/span><span class=\"food-price\">35\u20ac<\/span><\/h4><p><center><H5><font size=\"5pt\">Petite Friture au citron<br>\nOu\nNougat de Ch\u00e8vre Maison et Salade<br>\n******<br>\nSupr\u00eame de Poulet Fran\u00e7ais aux C\u00e8pes\n<br>Ou Pav\u00e9 de Saumon, Sauce Citron\/Aneth  <br>\n\n******<br>\nFromage Blanc<br>\nou Fondant au Chocolat ou Vacherin Framboise<br><br>\n\n*Suppl\u00e9ment Fromage <mark>ET<\/mark> dessert +4\u20ac<br><br>\n\nForfait Boissons 11\u20ac\/personne<br>\n1 Kir ou Jus de Fruit et \u00bc de Vin par personne, Caf\u00e9 offert.\n\n<br><br>\n<mark>Pas de Panachage Possible entre les Menus pour un m\u00eame Groupe<\/mark>\n<font size=\"2pt\"><\/p><\/div>\n\t\t\t\t\t\t\t\t\t\t\t            <\/div><\/div>\t\t\t\t<\/div>\n\t\t\t\t<\/div>\n\t\t\t\t\t<\/div>\n\t\t\t\t<\/div>\n\t\t\t\t<\/div>\n\t\t","protected":false},"excerpt":{"rendered":"<p>La Plage des Dauphins Menus groupes Menu de groupes \u00e0 partir de 20 personnes T\u00e9l\u00e9chargez les menus Menu Promeneurs27\u20ac Chiffonnade de Jambon Cru Serrano Ou Salade Caesar ****** Petite Friture au Citron Ou Filet de Dorade, Jus Beurre Citronn\u00e9 Ou Filet Mignon, Jus au Thym ****** Fromage Blanc ou Fondant au Chocolat ou Vacherin Framboise&#8230;<\/p>\n","protected":false},"author":1,"featured_media":0,"parent":0,"menu_order":0,"comment_status":"closed","ping_status":"closed","template":"","meta":{"_kadence_starter_templates_imported_post":false,"_kad_post_transparent":"","_kad_post_title":"hide","_kad_post_layout":"fullwidth","_kad_post_sidebar_id":"","_kad_post_content_style":"unboxed","_kad_post_vertical_padding":"hide","_kad_post_feature":"hide","_kad_post_feature_position":"","_kad_post_header":false,"_kad_post_footer":false,"_kad_post_classname":"","footnotes":""},"folder":[],"class_list":["post-258","page","type-page","status-publish","hentry"],"yoast_head":"<!-- This site is optimized with the Yoast SEO plugin v27.4 - https:\/\/yoast.com\/product\/yoast-seo-wordpress\/ -->\n<title>Menus groupes - La Plage des Dauphins<\/title>\n<meta name=\"robots\" content=\"index, follow, max-snippet:-1, max-image-preview:large, max-video-preview:-1\" \/>\n<link rel=\"canonical\" href=\"https:\/\/plagedesdauphins.fr\/plage\/menus-groupes\/\" \/>\n<meta property=\"og:locale\" content=\"fr_FR\" \/>\n<meta property=\"og:type\" content=\"article\" \/>\n<meta property=\"og:title\" content=\"Menus groupes - La Plage des Dauphins\" \/>\n<meta property=\"og:description\" content=\"La Plage des Dauphins Menus groupes Menu de groupes \u00e0 partir de 20 personnes T\u00e9l\u00e9chargez les menus Menu Promeneurs27\u20ac Chiffonnade de Jambon Cru Serrano Ou Salade Caesar ****** Petite Friture au Citron Ou Filet de Dorade, Jus Beurre Citronn\u00e9 Ou Filet Mignon, Jus au Thym ****** Fromage Blanc ou Fondant au Chocolat ou Vacherin Framboise...\" \/>\n<meta property=\"og:url\" content=\"https:\/\/plagedesdauphins.fr\/plage\/menus-groupes\/\" \/>\n<meta property=\"og:site_name\" content=\"La Plage des Dauphins\" \/>\n<meta property=\"article:modified_time\" content=\"2026-03-15T19:27:18+00:00\" \/>\n<meta name=\"twitter:card\" content=\"summary_large_image\" \/>\n<meta name=\"twitter:label1\" content=\"Dur\u00e9e de lecture estim\u00e9e\" \/>\n\t<meta name=\"twitter:data1\" content=\"1 minute\" \/>\n<script type=\"application\/ld+json\" class=\"yoast-schema-graph\">{\"@context\":\"https:\\\/\\\/schema.org\",\"@graph\":[{\"@type\":\"WebPage\",\"@id\":\"https:\\\/\\\/plagedesdauphins.fr\\\/plage\\\/menus-groupes\\\/\",\"url\":\"https:\\\/\\\/plagedesdauphins.fr\\\/plage\\\/menus-groupes\\\/\",\"name\":\"Menus groupes - La Plage des Dauphins\",\"isPartOf\":{\"@id\":\"https:\\\/\\\/plagedesdauphins.fr\\\/plage\\\/#website\"},\"datePublished\":\"2024-06-11T23:17:12+00:00\",\"dateModified\":\"2026-03-15T19:27:18+00:00\",\"breadcrumb\":{\"@id\":\"https:\\\/\\\/plagedesdauphins.fr\\\/plage\\\/menus-groupes\\\/#breadcrumb\"},\"inLanguage\":\"fr-FR\",\"potentialAction\":[{\"@type\":\"ReadAction\",\"target\":[\"https:\\\/\\\/plagedesdauphins.fr\\\/plage\\\/menus-groupes\\\/\"]}]},{\"@type\":\"BreadcrumbList\",\"@id\":\"https:\\\/\\\/plagedesdauphins.fr\\\/plage\\\/menus-groupes\\\/#breadcrumb\",\"itemListElement\":[{\"@type\":\"ListItem\",\"position\":1,\"name\":\"Accueil\",\"item\":\"https:\\\/\\\/plagedesdauphins.fr\\\/plage\\\/\"},{\"@type\":\"ListItem\",\"position\":2,\"name\":\"Menus groupes\"}]},{\"@type\":\"WebSite\",\"@id\":\"https:\\\/\\\/plagedesdauphins.fr\\\/plage\\\/#website\",\"url\":\"https:\\\/\\\/plagedesdauphins.fr\\\/plage\\\/\",\"name\":\"La Plage des Dauphins\",\"description\":\"\",\"potentialAction\":[{\"@type\":\"SearchAction\",\"target\":{\"@type\":\"EntryPoint\",\"urlTemplate\":\"https:\\\/\\\/plagedesdauphins.fr\\\/plage\\\/?s={search_term_string}\"},\"query-input\":{\"@type\":\"PropertyValueSpecification\",\"valueRequired\":true,\"valueName\":\"search_term_string\"}}],\"inLanguage\":\"fr-FR\"}]}<\/script>\n<!-- \/ Yoast SEO plugin. -->","yoast_head_json":{"title":"Menus groupes - La Plage des Dauphins","robots":{"index":"index","follow":"follow","max-snippet":"max-snippet:-1","max-image-preview":"max-image-preview:large","max-video-preview":"max-video-preview:-1"},"canonical":"https:\/\/plagedesdauphins.fr\/plage\/menus-groupes\/","og_locale":"fr_FR","og_type":"article","og_title":"Menus groupes - La Plage des Dauphins","og_description":"La Plage des Dauphins Menus groupes Menu de groupes \u00e0 partir de 20 personnes T\u00e9l\u00e9chargez les menus Menu Promeneurs27\u20ac Chiffonnade de Jambon Cru Serrano Ou Salade Caesar ****** Petite Friture au Citron Ou Filet de Dorade, Jus Beurre Citronn\u00e9 Ou Filet Mignon, Jus au Thym ****** Fromage Blanc ou Fondant au Chocolat ou Vacherin Framboise...","og_url":"https:\/\/plagedesdauphins.fr\/plage\/menus-groupes\/","og_site_name":"La Plage des Dauphins","article_modified_time":"2026-03-15T19:27:18+00:00","twitter_card":"summary_large_image","twitter_misc":{"Dur\u00e9e de lecture estim\u00e9e":"1 minute"},"schema":{"@context":"https:\/\/schema.org","@graph":[{"@type":"WebPage","@id":"https:\/\/plagedesdauphins.fr\/plage\/menus-groupes\/","url":"https:\/\/plagedesdauphins.fr\/plage\/menus-groupes\/","name":"Menus groupes - La Plage des Dauphins","isPartOf":{"@id":"https:\/\/plagedesdauphins.fr\/plage\/#website"},"datePublished":"2024-06-11T23:17:12+00:00","dateModified":"2026-03-15T19:27:18+00:00","breadcrumb":{"@id":"https:\/\/plagedesdauphins.fr\/plage\/menus-groupes\/#breadcrumb"},"inLanguage":"fr-FR","potentialAction":[{"@type":"ReadAction","target":["https:\/\/plagedesdauphins.fr\/plage\/menus-groupes\/"]}]},{"@type":"BreadcrumbList","@id":"https:\/\/plagedesdauphins.fr\/plage\/menus-groupes\/#breadcrumb","itemListElement":[{"@type":"ListItem","position":1,"name":"Accueil","item":"https:\/\/plagedesdauphins.fr\/plage\/"},{"@type":"ListItem","position":2,"name":"Menus groupes"}]},{"@type":"WebSite","@id":"https:\/\/plagedesdauphins.fr\/plage\/#website","url":"https:\/\/plagedesdauphins.fr\/plage\/","name":"La Plage des Dauphins","description":"","potentialAction":[{"@type":"SearchAction","target":{"@type":"EntryPoint","urlTemplate":"https:\/\/plagedesdauphins.fr\/plage\/?s={search_term_string}"},"query-input":{"@type":"PropertyValueSpecification","valueRequired":true,"valueName":"search_term_string"}}],"inLanguage":"fr-FR"}]}},"_links":{"self":[{"href":"https:\/\/plagedesdauphins.fr\/plage\/wp-json\/wp\/v2\/pages\/258","targetHints":{"allow":["GET"]}}],"collection":[{"href":"https:\/\/plagedesdauphins.fr\/plage\/wp-json\/wp\/v2\/pages"}],"about":[{"href":"https:\/\/plagedesdauphins.fr\/plage\/wp-json\/wp\/v2\/types\/page"}],"author":[{"embeddable":true,"href":"https:\/\/plagedesdauphins.fr\/plage\/wp-json\/wp\/v2\/users\/1"}],"replies":[{"embeddable":true,"href":"https:\/\/plagedesdauphins.fr\/plage\/wp-json\/wp\/v2\/comments?post=258"}],"version-history":[{"count":59,"href":"https:\/\/plagedesdauphins.fr\/plage\/wp-json\/wp\/v2\/pages\/258\/revisions"}],"predecessor-version":[{"id":689,"href":"https:\/\/plagedesdauphins.fr\/plage\/wp-json\/wp\/v2\/pages\/258\/revisions\/689"}],"wp:attachment":[{"href":"https:\/\/plagedesdauphins.fr\/plage\/wp-json\/wp\/v2\/media?parent=258"}],"wp:term":[{"taxonomy":"folder","embeddable":true,"href":"https:\/\/plagedesdauphins.fr\/plage\/wp-json\/wp\/v2\/folder?post=258"}],"curies":[{"name":"wp","href":"https:\/\/api.w.org\/{rel}","templated":true}]}}